{"id":17467,"date":"2023-12-12T11:47:06","date_gmt":"2023-12-12T11:47:06","guid":{"rendered":"https:\/\/internationalbusiness.pt\/landing-page-ib2025\/"},"modified":"2023-12-12T17:10:12","modified_gmt":"2023-12-12T17:10:12","slug":"landing-page-ib2025","status":"publish","type":"page","link":"https:\/\/ib2021-2023.internationalbusiness.pt\/en\/landing-page-ib2025\/","title":{"rendered":"Landing page IB2025"},"content":{"rendered":"<p>[vc_row section_type=&#8221;fullwidth&#8221; section_full_height=&#8221;fullheight&#8221; padding_top_multiplier=&#8221;&#8221; padding_bottom_multiplier=&#8221;&#8221; columns_gap=&#8221;none&#8221;][vc_column]\n\t\t\t<!-- START Landing page IB2025 REVOLUTION SLIDER 6.5.23 --><p class=\"rs-p-wp-fix\"><\/p>\n\t\t\t<rs-module-wrap id=\"rev_slider_6_1_wrapper\" data-source=\"gallery\" style=\"visibility:hidden;background:transparent;padding:0;\">\n\t\t\t\t<rs-module id=\"rev_slider_6_1\" style=\"\" data-version=\"6.5.23\">\n\t\t\t\t\t<rs-slides>\n\t\t\t\t\t\t<rs-slide style=\"position: absolute;\" data-key=\"rs-8\" data-title=\"Slide\" data-duration=\"14040\" data-in=\"o:0;\" data-out=\"a:false;\">\n\t\t\t\t\t\t\t<img loading=\"lazy\" decoding=\"async\" src=\"\/\/ib2021-2023.internationalbusiness.pt\/wp-content\/plugins\/revslider\/public\/assets\/assets\/dummy.png\" alt=\"\" title=\"degrade_background\" width=\"2501\" height=\"1407\" class=\"rev-slidebg tp-rs-img rs-lazyload\" data-lazyload=\"\/\/internationalbusiness.pt\/wp-content\/uploads\/2023\/12\/degrade_background.webp\" data-parallax=\"off\" data-no-retina>\n<!--\n\t\t\t\t\t\t\t--><rs-group\n\t\t\t\t\t\t\t\tid=\"slider-6-slide-8-layer-0\" \n\t\t\t\t\t\t\t\tdata-type=\"group\"\n\t\t\t\t\t\t\t\tdata-rsp_ch=\"on\"\n\t\t\t\t\t\t\t\tdata-xy=\"x:c;y:m;yo:-50px,-41px,-31px,-19px;\"\n\t\t\t\t\t\t\t\tdata-text=\"w:normal;s:20,16,12,7;l:0,20,15,9;\"\n\t\t\t\t\t\t\t\tdata-dim=\"w:696px,574px,436px,394px;h:384px,317px,240px,451px;\"\n\t\t\t\t\t\t\t\tdata-frame_0=\"o:1;\"\n\t\t\t\t\t\t\t\tdata-frame_999=\"o:0;st:w;sA:14040;\"\n\t\t\t\t\t\t\t\tstyle=\"z-index:25;\"\n\t\t\t\t\t\t\t><!--\n\t\t\t\t\t\t\t\t--><rs-layer\n\t\t\t\t\t\t\t\t\tid=\"slider-6-slide-8-layer-1\" \n\t\t\t\t\t\t\t\t\tdata-type=\"image\"\n\t\t\t\t\t\t\t\t\tdata-rsp_ch=\"on\"\n\t\t\t\t\t\t\t\t\tdata-xy=\"xo:465px,476px,331px,21px;y:m;yo:130px,162px,123px,40px;\"\n\t\t\t\t\t\t\t\t\tdata-text=\"w:normal;s:20,16,12,7;l:0,20,15,9;\"\n\t\t\t\t\t\t\t\t\tdata-dim=\"w:200px,200px,151px,140px;h:82px,82px,62px,57px;\"\n\t\t\t\t\t\t\t\t\tdata-frame_1=\"e:bounce.in;st:2810;sp:800;sR:2810;\"\n\t\t\t\t\t\t\t\t\tdata-frame_999=\"o:0;st:w;sR:10430;\"\n\t\t\t\t\t\t\t\t\tstyle=\"z-index:20;\"\n\t\t\t\t\t\t\t\t><img loading=\"lazy\" decoding=\"async\" src=\"\/\/ib2021-2023.internationalbusiness.pt\/wp-content\/plugins\/revslider\/public\/assets\/assets\/dummy.png\" alt=\"\" class=\"tp-rs-img rs-lazyload\" width=\"200\" height=\"82\" data-lazyload=\"\/\/internationalbusiness.pt\/wp-content\/uploads\/2023\/12\/lettering_50_taxa_financiamento.webp\" data-no-retina> \n\t\t\t\t\t\t\t\t<\/rs-layer><!--\n\n\t\t\t\t\t\t\t\t--><rs-layer\n\t\t\t\t\t\t\t\t\tid=\"slider-6-slide-8-layer-6\" \n\t\t\t\t\t\t\t\t\tdata-type=\"text\"\n\t\t\t\t\t\t\t\t\tdata-color=\"rgba(255,255,255,1)\"\n\t\t\t\t\t\t\t\t\tdata-rsp_ch=\"on\"\n\t\t\t\t\t\t\t\t\tdata-xy=\"xo:30px,40px,35px,21px;y:m;yo:-86px,-52px,-37px,-211px;\"\n\t\t\t\t\t\t\t\t\tdata-text=\"s:100,100,70,64;l:100,100,70,64;fw:500;\"\n\t\t\t\t\t\t\t\t\tdata-frame_0=\"y:bottom;o:1;\"\n\t\t\t\t\t\t\t\t\tdata-frame_1=\"e:power2.inOut;st:500;sp:900;sR:500;\"\n\t\t\t\t\t\t\t\t\tdata-frame_999=\"o:0;e:nothing;st:w;sR:12640;\"\n\t\t\t\t\t\t\t\t\tstyle=\"z-index:24;font-family:'Poppins';\"\n\t\t\t\t\t\t\t\t>Globally \n\t\t\t\t\t\t\t\t<\/rs-layer><!--\n\n\t\t\t\t\t\t\t\t--><rs-layer\n\t\t\t\t\t\t\t\t\tid=\"slider-6-slide-8-layer-7\" \n\t\t\t\t\t\t\t\t\tdata-type=\"text\"\n\t\t\t\t\t\t\t\t\tdata-color=\"rgba(255,255,255,1)\"\n\t\t\t\t\t\t\t\t\tdata-rsp_ch=\"on\"\n\t\t\t\t\t\t\t\t\tdata-xy=\"xo:30px,40px,35px,21px;y:m;yo:16px,52px,37px,-143px;\"\n\t\t\t\t\t\t\t\t\tdata-text=\"s:100,100,70,64;l:100,100,70,64;fw:500;\"\n\t\t\t\t\t\t\t\t\tdata-frame_0=\"y:bottom;o:1;\"\n\t\t\t\t\t\t\t\t\tdata-frame_1=\"e:power2.inOut;st:700;sp:900;sR:700;\"\n\t\t\t\t\t\t\t\t\tdata-frame_999=\"o:0;e:nothing;st:w;sR:12440;\"\n\t\t\t\t\t\t\t\t\tstyle=\"z-index:23;font-family:'Poppins';\"\n\t\t\t\t\t\t\t\t>Connected \n\t\t\t\t\t\t\t\t<\/rs-layer><!--\n\n\t\t\t\t\t\t\t\t--><rs-layer\n\t\t\t\t\t\t\t\t\tid=\"slider-6-slide-8-layer-11\" \n\t\t\t\t\t\t\t\t\tdata-type=\"text\"\n\t\t\t\t\t\t\t\t\tdata-rsp_ch=\"on\"\n\t\t\t\t\t\t\t\t\tdata-xy=\"xo:30px,40px,35px,21px;y:m;yo:133px,168px,121px,-69px;\"\n\t\t\t\t\t\t\t\t\tdata-text=\"w:normal;s:23,23,17,26;l:25,23,20,26;\"\n\t\t\t\t\t\t\t\t\tdata-frame_1=\"e:power0.in;st:1590;sp:400;sR:1590;\"\n\t\t\t\t\t\t\t\t\tdata-frame_999=\"o:0;st:w;sR:12050;\"\n\t\t\t\t\t\t\t\t\tstyle=\"z-index:22;font-family:'Poppins';\"\n\t\t\t\t\t\t\t\t>International Business \n\t\t\t\t\t\t\t\t<\/rs-layer><!--\n\n\t\t\t\t\t\t\t\t--><rs-layer\n\t\t\t\t\t\t\t\t\tid=\"slider-6-slide-8-layer-12\" \n\t\t\t\t\t\t\t\t\tdata-type=\"text\"\n\t\t\t\t\t\t\t\t\tdata-rsp_ch=\"on\"\n\t\t\t\t\t\t\t\t\tdata-xy=\"xo:30px,40px,35px,21px;y:m;yo:160px,194px,145px,-36px;\"\n\t\t\t\t\t\t\t\t\tdata-text=\"w:normal;s:23,23,17,26;l:25,23,20,26;\"\n\t\t\t\t\t\t\t\t\tdata-frame_1=\"e:power0.in;st:1600;sp:400;sR:1600;\"\n\t\t\t\t\t\t\t\t\tdata-frame_999=\"o:0;st:w;sR:12040;\"\n\t\t\t\t\t\t\t\t\tstyle=\"z-index:21;font-family:'Poppins';\"\n\t\t\t\t\t\t\t\t>2023-2025 \n\t\t\t\t\t\t\t\t<\/rs-layer><!--\n\t\t\t\t\t\t\t--><\/rs-group><!--\n\n\t\t\t\t\t\t\t--><rs-layer\n\t\t\t\t\t\t\t\tid=\"slider-6-slide-8-layer-2\" \n\t\t\t\t\t\t\t\tclass=\"rs-pxl-2\"\n\t\t\t\t\t\t\t\tdata-type=\"image\"\n\t\t\t\t\t\t\t\tdata-rsp_ch=\"on\"\n\t\t\t\t\t\t\t\tdata-xy=\"x:r,r,r,c;xo:-240px,-150px,-200px,250px;y:b;yo:-240px,-90px,-180px,-40px;\"\n\t\t\t\t\t\t\t\tdata-text=\"l:22;\"\n\t\t\t\t\t\t\t\tdata-dim=\"w:1300px,1000px,1200px,900px;h:1145px,876px,1051px,793px;\"\n\t\t\t\t\t\t\t\tdata-basealign=\"slide\"\n\t\t\t\t\t\t\t\tdata-frame_1=\"e:power4.inOut;st:650;sp:600;sR:650;\"\n\t\t\t\t\t\t\t\tdata-frame_999=\"o:0;e:nothing;st:w;sR:12790;\"\n\t\t\t\t\t\t\t\tstyle=\"z-index:8;\"\n\t\t\t\t\t\t\t><img loading=\"lazy\" decoding=\"async\" src=\"\/\/ib2021-2023.internationalbusiness.pt\/wp-content\/plugins\/revslider\/public\/assets\/assets\/dummy.png\" alt=\"\" class=\"tp-rs-img rs-lazyload\" width=\"1889\" height=\"1664\" data-lazyload=\"\/\/internationalbusiness.pt\/wp-content\/uploads\/2023\/12\/globo_sem_linhas-1.webp\" data-no-retina> \n\t\t\t\t\t\t\t<\/rs-layer><!--\n\n\t\t\t\t\t\t\t--><rs-layer\n\t\t\t\t\t\t\t\tid=\"slider-6-slide-8-layer-3\" \n\t\t\t\t\t\t\t\tclass=\"rs-pxl-1\"\n\t\t\t\t\t\t\t\tdata-type=\"image\"\n\t\t\t\t\t\t\t\tdata-rsp_ch=\"on\"\n\t\t\t\t\t\t\t\tdata-xy=\"x:r,r,r,c;xo:-240px,-180px,-200px,250px;y:b;yo:-240px,-90px,-180px,-40px;\"\n\t\t\t\t\t\t\t\tdata-text=\"l:22;\"\n\t\t\t\t\t\t\t\tdata-dim=\"w:1300px,1000px,1200px,900px;h:1145px,881px,1057px,793px;\"\n\t\t\t\t\t\t\t\tdata-basealign=\"slide\"\n\t\t\t\t\t\t\t\tdata-blendmode=\"color-dodge\"\n\t\t\t\t\t\t\t\tdata-frame_1=\"e:power4.inOut;st:1100;sp:600;sR:1100;\"\n\t\t\t\t\t\t\t\tdata-frame_999=\"o:0;e:nothing;st:w;sR:12340;\"\n\t\t\t\t\t\t\t\tstyle=\"z-index:10;\"\n\t\t\t\t\t\t\t><img loading=\"lazy\" decoding=\"async\" src=\"\/\/ib2021-2023.internationalbusiness.pt\/wp-content\/plugins\/revslider\/public\/assets\/assets\/dummy.png\" alt=\"\" class=\"tp-rs-img rs-lazyload\" width=\"1889\" height=\"1664\" data-lazyload=\"\/\/internationalbusiness.pt\/wp-content\/uploads\/2023\/12\/globo_luzes_3-1.webp\" data-no-retina> \n\t\t\t\t\t\t\t<\/rs-layer><!--\n\n\t\t\t\t\t\t\t--><rs-layer\n\t\t\t\t\t\t\t\tid=\"slider-6-slide-8-layer-4\" \n\t\t\t\t\t\t\t\tclass=\"rs-pxl-2\"\n\t\t\t\t\t\t\t\tdata-type=\"image\"\n\t\t\t\t\t\t\t\tdata-rsp_ch=\"on\"\n\t\t\t\t\t\t\t\tdata-xy=\"x:r,r,r,c;xo:-240px,-150px,-200px,250px;y:b;yo:-240px,-90px,-180px,-40px;\"\n\t\t\t\t\t\t\t\tdata-text=\"l:22;\"\n\t\t\t\t\t\t\t\tdata-dim=\"w:1300px,1000px,1200px,900px;h:1145px,881px,1057px,793px;\"\n\t\t\t\t\t\t\t\tdata-basealign=\"slide\"\n\t\t\t\t\t\t\t\tdata-blendmode=\"color-dodge\"\n\t\t\t\t\t\t\t\tdata-frame_1=\"e:power4.inOut;st:950;sp:600;sR:950;\"\n\t\t\t\t\t\t\t\tdata-frame_999=\"o:0;e:nothing;st:w;sR:12490;\"\n\t\t\t\t\t\t\t\tdata-loop_0=\"o:0.3;blu:20px;\"\n\t\t\t\t\t\t\t\tdata-loop_999=\"sp:3000;yym:t;yyf:t;\"\n\t\t\t\t\t\t\t\tstyle=\"z-index:11;\"\n\t\t\t\t\t\t\t><img loading=\"lazy\" decoding=\"async\" src=\"\/\/ib2021-2023.internationalbusiness.pt\/wp-content\/plugins\/revslider\/public\/assets\/assets\/dummy.png\" alt=\"\" class=\"tp-rs-img rs-lazyload\" width=\"1889\" height=\"1664\" data-lazyload=\"\/\/internationalbusiness.pt\/wp-content\/uploads\/2023\/12\/globo_luzes_2-1.webp\" data-no-retina> \n\t\t\t\t\t\t\t<\/rs-layer><!--\n\n\t\t\t\t\t\t\t--><rs-layer\n\t\t\t\t\t\t\t\tid=\"slider-6-slide-8-layer-5\" \n\t\t\t\t\t\t\t\tclass=\"rs-pxl-3\"\n\t\t\t\t\t\t\t\tdata-type=\"image\"\n\t\t\t\t\t\t\t\tdata-rsp_ch=\"on\"\n\t\t\t\t\t\t\t\tdata-xy=\"x:r,r,r,c;xo:-240px,-150px,-200px,250px;y:b;yo:-240px,-90px,-180px,-40px;\"\n\t\t\t\t\t\t\t\tdata-text=\"l:22;\"\n\t\t\t\t\t\t\t\tdata-dim=\"w:1300px,1000px,1200px,900px;h:1145px,881px,1057px,793px;\"\n\t\t\t\t\t\t\t\tdata-basealign=\"slide\"\n\t\t\t\t\t\t\t\tdata-blendmode=\"color-dodge\"\n\t\t\t\t\t\t\t\tdata-frame_1=\"e:power4.inOut;st:1250;sp:600;sR:1250;\"\n\t\t\t\t\t\t\t\tdata-frame_999=\"o:0;e:nothing;st:w;sR:12190;\"\n\t\t\t\t\t\t\t\tstyle=\"z-index:9;\"\n\t\t\t\t\t\t\t><img loading=\"lazy\" decoding=\"async\" src=\"\/\/ib2021-2023.internationalbusiness.pt\/wp-content\/plugins\/revslider\/public\/assets\/assets\/dummy.png\" alt=\"\" class=\"tp-rs-img rs-lazyload\" width=\"1889\" height=\"1664\" data-lazyload=\"\/\/internationalbusiness.pt\/wp-content\/uploads\/2023\/12\/globo_luzes_4-1.webp\" data-no-retina> \n\t\t\t\t\t\t\t<\/rs-layer><!--\n\n\t\t\t\t\t\t\t--><rs-layer\n\t\t\t\t\t\t\t\tid=\"slider-6-slide-8-layer-8\" \n\t\t\t\t\t\t\t\tdata-type=\"image\"\n\t\t\t\t\t\t\t\tdata-rsp_ch=\"on\"\n\t\t\t\t\t\t\t\tdata-xy=\"x:r,r,r,c;xo:40px,33px,25px,0;y:b;yo:40px,33px,25px,35px;\"\n\t\t\t\t\t\t\t\tdata-text=\"w:normal;s:20,16,12,7;l:0,20,15,9;\"\n\t\t\t\t\t\t\t\tdata-dim=\"w:450px,371px,281px,320px;h:37px,30px,22px,26px;\"\n\t\t\t\t\t\t\t\tdata-basealign=\"slide\"\n\t\t\t\t\t\t\t\tdata-frame_1=\"st:210;sp:500;sR:210;\"\n\t\t\t\t\t\t\t\tdata-frame_999=\"o:0;st:w;sR:13330;\"\n\t\t\t\t\t\t\t\tstyle=\"z-index:18;\"\n\t\t\t\t\t\t\t><img loading=\"lazy\" decoding=\"async\" src=\"\/\/ib2021-2023.internationalbusiness.pt\/wp-content\/plugins\/revslider\/public\/assets\/assets\/dummy.png\" alt=\"\" class=\"tp-rs-img rs-lazyload\" width=\"501\" height=\"41\" data-lazyload=\"\/\/internationalbusiness.pt\/wp-content\/uploads\/2023\/12\/barra_compete_2030.webp\" data-no-retina> \n\t\t\t\t\t\t\t<\/rs-layer><!--\n\n\t\t\t\t\t\t\t--><rs-layer\n\t\t\t\t\t\t\t\tid=\"slider-6-slide-8-layer-10\" \n\t\t\t\t\t\t\t\tclass=\"rs-pxl-3\"\n\t\t\t\t\t\t\t\tdata-type=\"image\"\n\t\t\t\t\t\t\t\tdata-rsp_ch=\"on\"\n\t\t\t\t\t\t\t\tdata-xy=\"x:r,r,r,c;xo:-240px,-150px,-200px,250px;y:b;yo:-240px,-90px,-180px,-40px;\"\n\t\t\t\t\t\t\t\tdata-text=\"l:22;\"\n\t\t\t\t\t\t\t\tdata-dim=\"w:1300px,1000px,1200px,900px;h:1145px,881px,1057px,793px;\"\n\t\t\t\t\t\t\t\tdata-basealign=\"slide\"\n\t\t\t\t\t\t\t\tdata-blendmode=\"color-dodge\"\n\t\t\t\t\t\t\t\tdata-frame_1=\"e:power4.inOut;st:800;sp:600;sR:800;\"\n\t\t\t\t\t\t\t\tdata-frame_999=\"o:0;e:nothing;st:w;sR:12640;\"\n\t\t\t\t\t\t\t\tstyle=\"z-index:12;\"\n\t\t\t\t\t\t\t><img loading=\"lazy\" decoding=\"async\" src=\"\/\/ib2021-2023.internationalbusiness.pt\/wp-content\/plugins\/revslider\/public\/assets\/assets\/dummy.png\" alt=\"\" class=\"tp-rs-img rs-lazyload\" width=\"1889\" height=\"1664\" data-lazyload=\"\/\/internationalbusiness.pt\/wp-content\/uploads\/2023\/12\/globo_luzes_1-2.webp\" data-no-retina> \n\t\t\t\t\t\t\t<\/rs-layer><!--\n\n\t\t\t\t\t\t\t--><rs-layer\n\t\t\t\t\t\t\t\tid=\"slider-6-slide-8-layer-14\" \n\t\t\t\t\t\t\t\tclass=\"rs-pxl-2\"\n\t\t\t\t\t\t\t\tdata-type=\"image\"\n\t\t\t\t\t\t\t\tdata-rsp_ch=\"on\"\n\t\t\t\t\t\t\t\tdata-xy=\"x:r,r,r,c;xo:-240px,-150px,-200px,250px;y:b;yo:-240px,-90px,-180px,-40px;\"\n\t\t\t\t\t\t\t\tdata-text=\"l:22;\"\n\t\t\t\t\t\t\t\tdata-dim=\"w:1300px,1000px,1200px,900px;h:1145px,876px,1051px,793px;\"\n\t\t\t\t\t\t\t\tdata-basealign=\"slide\"\n\t\t\t\t\t\t\t\tdata-blendmode=\"color-dodge\"\n\t\t\t\t\t\t\t\tdata-frame_1=\"e:power4.inOut;st:650;sp:600;sR:650;\"\n\t\t\t\t\t\t\t\tdata-frame_999=\"o:0;e:nothing;st:w;sR:12790;\"\n\t\t\t\t\t\t\t\tdata-loop_0=\"o:0.3;\"\n\t\t\t\t\t\t\t\tdata-loop_999=\"sp:2500;st:200;yym:t;yyf:t;\"\n\t\t\t\t\t\t\t\tstyle=\"z-index:13;\"\n\t\t\t\t\t\t\t><img loading=\"lazy\" decoding=\"async\" src=\"\/\/ib2021-2023.internationalbusiness.pt\/wp-content\/plugins\/revslider\/public\/assets\/assets\/dummy.png\" alt=\"\" class=\"tp-rs-img rs-lazyload\" width=\"1889\" height=\"1664\" data-lazyload=\"\/\/internationalbusiness.pt\/wp-content\/uploads\/2023\/12\/globo_luzes_das_linhas-2.webp\" data-no-retina> \n\t\t\t\t\t\t\t<\/rs-layer><!--\n\n\t\t\t\t\t\t\t--><rs-layer\n\t\t\t\t\t\t\t\tid=\"slider-6-slide-8-layer-18\" \n\t\t\t\t\t\t\t\tdata-type=\"image\"\n\t\t\t\t\t\t\t\tdata-rsp_ch=\"on\"\n\t\t\t\t\t\t\t\tdata-text=\"w:normal;s:20,16,12,7;l:0,20,15,9;\"\n\t\t\t\t\t\t\t\tdata-dim=\"w:['100%','100%','100%','100%'];h:['100%','100%','100%','100%'];\"\n\t\t\t\t\t\t\t\tdata-basealign=\"slide\"\n\t\t\t\t\t\t\t\tdata-blendmode=\"color-dodge\"\n\t\t\t\t\t\t\t\tdata-frame_1=\"e:power2.in;st:500;sp:500;sR:500;\"\n\t\t\t\t\t\t\t\tdata-frame_999=\"o:0;st:w;sR:13040;\"\n\t\t\t\t\t\t\t\tdata-loop_0=\"x:-100px;o:0.8;blu:10px;\"\n\t\t\t\t\t\t\t\tdata-loop_999=\"sp:4000;yym:t;yyf:t;\"\n\t\t\t\t\t\t\t\tstyle=\"z-index:17;\"\n\t\t\t\t\t\t\t><img loading=\"lazy\" decoding=\"async\" src=\"\/\/ib2021-2023.internationalbusiness.pt\/wp-content\/plugins\/revslider\/public\/assets\/assets\/dummy.png\" alt=\"\" class=\"tp-rs-img rs-lazyload\" width=\"2501\" height=\"1405\" data-lazyload=\"\/\/internationalbusiness.pt\/wp-content\/uploads\/2023\/12\/riscas-01.webp\" data-c=\"cover-proportional\" data-no-retina> \n\t\t\t\t\t\t\t<\/rs-layer><!--\n\n\t\t\t\t\t\t\t--><rs-layer\n\t\t\t\t\t\t\t\tid=\"slider-6-slide-8-layer-19\" \n\t\t\t\t\t\t\t\tdata-type=\"image\"\n\t\t\t\t\t\t\t\tdata-rsp_ch=\"on\"\n\t\t\t\t\t\t\t\tdata-text=\"w:normal;s:20,16,12,7;l:0,20,15,9;\"\n\t\t\t\t\t\t\t\tdata-dim=\"w:['100%','100%','100%','100%'];h:['100%','100%','100%','100%'];\"\n\t\t\t\t\t\t\t\tdata-basealign=\"slide\"\n\t\t\t\t\t\t\t\tdata-blendmode=\"color-dodge\"\n\t\t\t\t\t\t\t\tdata-frame_1=\"e:power2.in;st:500;sp:500;sR:500;\"\n\t\t\t\t\t\t\t\tdata-frame_999=\"o:0;st:w;sR:13040;\"\n\t\t\t\t\t\t\t\tdata-tloop=\"u:true;\"\n\t\t\t\t\t\t\t\tdata-loop_0=\"o:0.7;blu:2px;\"\n\t\t\t\t\t\t\t\tdata-loop_999=\"sp:3000;yyf:t;\"\n\t\t\t\t\t\t\t\tstyle=\"z-index:16;\"\n\t\t\t\t\t\t\t><img loading=\"lazy\" decoding=\"async\" src=\"\/\/ib2021-2023.internationalbusiness.pt\/wp-content\/plugins\/revslider\/public\/assets\/assets\/dummy.png\" alt=\"\" class=\"tp-rs-img rs-lazyload\" width=\"2501\" height=\"1405\" data-lazyload=\"\/\/internationalbusiness.pt\/wp-content\/uploads\/2023\/12\/riscas-02.webp\" data-c=\"cover-proportional\" data-no-retina> \n\t\t\t\t\t\t\t<\/rs-layer><!--\n\n\t\t\t\t\t\t\t--><rs-layer\n\t\t\t\t\t\t\t\tid=\"slider-6-slide-8-layer-20\" \n\t\t\t\t\t\t\t\tdata-type=\"image\"\n\t\t\t\t\t\t\t\tdata-rsp_ch=\"on\"\n\t\t\t\t\t\t\t\tdata-text=\"w:normal;s:20,16,12,7;l:0,20,15,9;\"\n\t\t\t\t\t\t\t\tdata-dim=\"w:['100%','100%','100%','100%'];h:['100%','100%','100%','100%'];\"\n\t\t\t\t\t\t\t\tdata-basealign=\"slide\"\n\t\t\t\t\t\t\t\tdata-blendmode=\"color-dodge\"\n\t\t\t\t\t\t\t\tdata-frame_1=\"e:power2.in;st:500;sp:500;sR:500;\"\n\t\t\t\t\t\t\t\tdata-frame_999=\"o:0;st:w;sR:13040;\"\n\t\t\t\t\t\t\t\tstyle=\"z-index:15;\"\n\t\t\t\t\t\t\t><img loading=\"lazy\" decoding=\"async\" src=\"\/\/ib2021-2023.internationalbusiness.pt\/wp-content\/plugins\/revslider\/public\/assets\/assets\/dummy.png\" alt=\"\" class=\"tp-rs-img rs-lazyload\" width=\"2501\" height=\"1406\" data-lazyload=\"\/\/internationalbusiness.pt\/wp-content\/uploads\/2023\/12\/riscas-03.webp\" data-c=\"cover-proportional\" data-no-retina> \n\t\t\t\t\t\t\t<\/rs-layer><!--\n\n\t\t\t\t\t\t\t--><rs-layer\n\t\t\t\t\t\t\t\tid=\"slider-6-slide-8-layer-21\" \n\t\t\t\t\t\t\t\tdata-type=\"image\"\n\t\t\t\t\t\t\t\tdata-rsp_ch=\"on\"\n\t\t\t\t\t\t\t\tdata-text=\"w:normal;s:20,16,12,7;l:0,20,15,9;\"\n\t\t\t\t\t\t\t\tdata-dim=\"w:['100%','100%','100%','100%'];h:['100%','100%','100%','100%'];\"\n\t\t\t\t\t\t\t\tdata-basealign=\"slide\"\n\t\t\t\t\t\t\t\tdata-blendmode=\"color-dodge\"\n\t\t\t\t\t\t\t\tdata-frame_1=\"e:power2.in;st:490;sp:500;sR:490;\"\n\t\t\t\t\t\t\t\tdata-frame_999=\"o:0;st:w;sR:13050;\"\n\t\t\t\t\t\t\t\tdata-loop_0=\"xR:80px;o:0.4;blu:30px;\"\n\t\t\t\t\t\t\t\tdata-loop_999=\"o:0.8;blu:5px;crd:t;sp:4000;st:2000;yyf:t;\"\n\t\t\t\t\t\t\t\tstyle=\"z-index:14;\"\n\t\t\t\t\t\t\t><img loading=\"lazy\" decoding=\"async\" src=\"\/\/ib2021-2023.internationalbusiness.pt\/wp-content\/plugins\/revslider\/public\/assets\/assets\/dummy.png\" alt=\"\" class=\"tp-rs-img rs-lazyload\" width=\"2501\" height=\"1406\" data-lazyload=\"\/\/internationalbusiness.pt\/wp-content\/uploads\/2023\/12\/riscas-04.webp\" data-c=\"cover-proportional\" data-no-retina> \n\t\t\t\t\t\t\t<\/rs-layer><!--\n-->\t\t\t\t\t\t<\/rs-slide>\n\t\t\t\t\t<\/rs-slides>\n\t\t\t\t<\/rs-module>\n\t\t\t\t<script>\n\t\t\t\t\tsetREVStartSize({c: 'rev_slider_6_1',rl:[1240,1024,778,480],el:[868,768,960,720],gw:[1240,1024,778,480],gh:[868,768,960,720],type:'hero',justify:'',layout:'fullscreen',offsetContainer:'',offset:'',mh:\"0\"});if (window.RS_MODULES!==undefined && window.RS_MODULES.modules!==undefined && window.RS_MODULES.modules[\"revslider61\"]!==undefined) {window.RS_MODULES.modules[\"revslider61\"].once = false;window.revapi6 = undefined;if (window.RS_MODULES.checkMinimal!==undefined) window.RS_MODULES.checkMinimal()}\n\t\t\t\t<\/script>\n\t\t\t<\/rs-module-wrap>\n\t\t\t<!-- END REVOLUTION SLIDER -->\n[\/vc_column][\/vc_row]<\/p>\n","protected":false},"excerpt":{"rendered":"<p>[vc_row section_type=&#8221;fullwidth&#8221; section_full_height=&#8221;fullheight&#8221; padding_top_multiplier=&#8221;&#8221; padding_bottom_multiplier=&#8221;&#8221; columns_gap=&#8221;none&#8221;][vc_column][\/vc_column][\/vc_row]<\/p>\n","protected":false},"author":1,"featured_media":0,"parent":0,"menu_order":0,"comment_status":"closed","ping_status":"closed","template":"","meta":{"footnotes":""},"yoast_head":"<!-- This site is optimized with the Yoast SEO plugin v21.3 - https:\/\/yoast.com\/wordpress\/plugins\/seo\/ -->\n<title>Landing page IB2025 - International Business - NERLEI<\/title>\n<meta name=\"robots\" content=\"index, follow, max-snippet:-1, max-image-preview:large, max-video-preview:-1\" \/>\n<link rel=\"canonical\" href=\"https:\/\/ib2021-2023.internationalbusiness.pt\/en\/landing-page-ib2025\/\" \/>\n<meta property=\"og:locale\" content=\"en_US\" \/>\n<meta property=\"og:type\" content=\"article\" \/>\n<meta property=\"og:title\" content=\"Landing page IB2025 - International Business - NERLEI\" \/>\n<meta property=\"og:description\" content=\"[vc_row section_type=&#8221;fullwidth&#8221; section_full_height=&#8221;fullheight&#8221; padding_top_multiplier=&#8221;&#8221; padding_bottom_multiplier=&#8221;&#8221; columns_gap=&#8221;none&#8221;][vc_column][\/vc_column][\/vc_row]\" \/>\n<meta property=\"og:url\" content=\"https:\/\/ib2021-2023.internationalbusiness.pt\/en\/landing-page-ib2025\/\" \/>\n<meta property=\"og:site_name\" content=\"International Business - NERLEI\" \/>\n<meta property=\"article:modified_time\" content=\"2023-12-12T17:10:12+00:00\" \/>\n<meta name=\"twitter:card\" content=\"summary_large_image\" \/>\n<script type=\"application\/ld+json\" class=\"yoast-schema-graph\">{\"@context\":\"https:\/\/schema.org\",\"@graph\":[{\"@type\":\"WebPage\",\"@id\":\"https:\/\/ib2021-2023.internationalbusiness.pt\/en\/landing-page-ib2025\/\",\"url\":\"https:\/\/ib2021-2023.internationalbusiness.pt\/en\/landing-page-ib2025\/\",\"name\":\"Landing page IB2025 - International Business - NERLEI\",\"isPartOf\":{\"@id\":\"https:\/\/ib2021-2023.internationalbusiness.pt\/en\/#website\"},\"datePublished\":\"2023-12-12T11:47:06+00:00\",\"dateModified\":\"2023-12-12T17:10:12+00:00\",\"breadcrumb\":{\"@id\":\"https:\/\/ib2021-2023.internationalbusiness.pt\/en\/landing-page-ib2025\/#breadcrumb\"},\"inLanguage\":\"en-US\",\"potentialAction\":[{\"@type\":\"ReadAction\",\"target\":[\"https:\/\/ib2021-2023.internationalbusiness.pt\/en\/landing-page-ib2025\/\"]}]},{\"@type\":\"BreadcrumbList\",\"@id\":\"https:\/\/ib2021-2023.internationalbusiness.pt\/en\/landing-page-ib2025\/#breadcrumb\",\"itemListElement\":[{\"@type\":\"ListItem\",\"position\":1,\"name\":\"Home\",\"item\":\"https:\/\/ib2021-2023.internationalbusiness.pt\/en\/ib21-23\/\"},{\"@type\":\"ListItem\",\"position\":2,\"name\":\"Landing page IB2025\"}]},{\"@type\":\"WebSite\",\"@id\":\"https:\/\/ib2021-2023.internationalbusiness.pt\/en\/#website\",\"url\":\"https:\/\/ib2021-2023.internationalbusiness.pt\/en\/\",\"name\":\"International Business - NERLEI\",\"description\":\"O Projeto International Business \u00e9 um projeto conjunto integrado no Sistema de Incentivos \u00e0 Qualifica\u00e7\u00e3o e Internacionaliza\u00e7\u00e3o PME\",\"potentialAction\":[{\"@type\":\"SearchAction\",\"target\":{\"@type\":\"EntryPoint\",\"urlTemplate\":\"https:\/\/ib2021-2023.internationalbusiness.pt\/en\/?s={search_term_string}\"},\"query-input\":\"required name=search_term_string\"}],\"inLanguage\":\"en-US\"}]}<\/script>\n<!-- \/ Yoast SEO plugin. -->","yoast_head_json":{"title":"Landing page IB2025 - International Business - NERLEI","robots":{"index":"index","follow":"follow","max-snippet":"max-snippet:-1","max-image-preview":"max-image-preview:large","max-video-preview":"max-video-preview:-1"},"canonical":"https:\/\/ib2021-2023.internationalbusiness.pt\/en\/landing-page-ib2025\/","og_locale":"en_US","og_type":"article","og_title":"Landing page IB2025 - International Business - NERLEI","og_description":"[vc_row section_type=&#8221;fullwidth&#8221; section_full_height=&#8221;fullheight&#8221; padding_top_multiplier=&#8221;&#8221; padding_bottom_multiplier=&#8221;&#8221; columns_gap=&#8221;none&#8221;][vc_column][\/vc_column][\/vc_row]","og_url":"https:\/\/ib2021-2023.internationalbusiness.pt\/en\/landing-page-ib2025\/","og_site_name":"International Business - NERLEI","article_modified_time":"2023-12-12T17:10:12+00:00","twitter_card":"summary_large_image","schema":{"@context":"https:\/\/schema.org","@graph":[{"@type":"WebPage","@id":"https:\/\/ib2021-2023.internationalbusiness.pt\/en\/landing-page-ib2025\/","url":"https:\/\/ib2021-2023.internationalbusiness.pt\/en\/landing-page-ib2025\/","name":"Landing page IB2025 - International Business - NERLEI","isPartOf":{"@id":"https:\/\/ib2021-2023.internationalbusiness.pt\/en\/#website"},"datePublished":"2023-12-12T11:47:06+00:00","dateModified":"2023-12-12T17:10:12+00:00","breadcrumb":{"@id":"https:\/\/ib2021-2023.internationalbusiness.pt\/en\/landing-page-ib2025\/#breadcrumb"},"inLanguage":"en-US","potentialAction":[{"@type":"ReadAction","target":["https:\/\/ib2021-2023.internationalbusiness.pt\/en\/landing-page-ib2025\/"]}]},{"@type":"BreadcrumbList","@id":"https:\/\/ib2021-2023.internationalbusiness.pt\/en\/landing-page-ib2025\/#breadcrumb","itemListElement":[{"@type":"ListItem","position":1,"name":"Home","item":"https:\/\/ib2021-2023.internationalbusiness.pt\/en\/ib21-23\/"},{"@type":"ListItem","position":2,"name":"Landing page IB2025"}]},{"@type":"WebSite","@id":"https:\/\/ib2021-2023.internationalbusiness.pt\/en\/#website","url":"https:\/\/ib2021-2023.internationalbusiness.pt\/en\/","name":"International Business - NERLEI","description":"O Projeto International Business \u00e9 um projeto conjunto integrado no Sistema de Incentivos \u00e0 Qualifica\u00e7\u00e3o e Internacionaliza\u00e7\u00e3o PME","potentialAction":[{"@type":"SearchAction","target":{"@type":"EntryPoint","urlTemplate":"https:\/\/ib2021-2023.internationalbusiness.pt\/en\/?s={search_term_string}"},"query-input":"required name=search_term_string"}],"inLanguage":"en-US"}]}},"_links":{"self":[{"href":"https:\/\/ib2021-2023.internationalbusiness.pt\/en\/wp-json\/wp\/v2\/pages\/17467"}],"collection":[{"href":"https:\/\/ib2021-2023.internationalbusiness.pt\/en\/wp-json\/wp\/v2\/pages"}],"about":[{"href":"https:\/\/ib2021-2023.internationalbusiness.pt\/en\/wp-json\/wp\/v2\/types\/page"}],"author":[{"embeddable":true,"href":"https:\/\/ib2021-2023.internationalbusiness.pt\/en\/wp-json\/wp\/v2\/users\/1"}],"replies":[{"embeddable":true,"href":"https:\/\/ib2021-2023.internationalbusiness.pt\/en\/wp-json\/wp\/v2\/comments?post=17467"}],"version-history":[{"count":1,"href":"https:\/\/ib2021-2023.internationalbusiness.pt\/en\/wp-json\/wp\/v2\/pages\/17467\/revisions"}],"predecessor-version":[{"id":17468,"href":"https:\/\/ib2021-2023.internationalbusiness.pt\/en\/wp-json\/wp\/v2\/pages\/17467\/revisions\/17468"}],"wp:attachment":[{"href":"https:\/\/ib2021-2023.internationalbusiness.pt\/en\/wp-json\/wp\/v2\/media?parent=17467"}],"curies":[{"name":"wp","href":"https:\/\/api.w.org\/{rel}","templated":true}]}}