{"id":17320,"date":"2023-10-09T14:35:45","date_gmt":"2023-10-09T14:35:45","guid":{"rendered":"https:\/\/www.ib2023.younik.pt\/results\/"},"modified":"2023-10-09T16:00:24","modified_gmt":"2023-10-09T16:00:24","slug":"results","status":"publish","type":"page","link":"https:\/\/ib2021-2023.internationalbusiness.pt\/en\/results\/","title":{"rendered":"Results"},"content":{"rendered":"<p>[vc_row heading_color=&#8221;light&#8221; padding_top_multiplier=&#8221;4x&#8221; padding_bottom_multiplier=&#8221;4x&#8221; font_color=&#8221;#ffffff&#8221;][vc_column width=&#8221;1\/6&#8243;][\/vc_column][vc_column width=&#8221;2\/3&#8243; text_align=&#8221;center&#8221;]<h2 class=\"grve-element grve-title grve-align-center grve-animated-item grve-duration-normal grve-fade-in-up grve-h1 grve-increase-heading grve-heading-180\" style=\"margin-bottom: 0px;\" data-delay=\"200\"><span><span style=\"color: #0093c8;\">Project magazine<\/span><\/span><\/h2><div class=\"grve-empty-space\" style=\"height: 10px;\"><\/div>[vc_column_text]<div class=\"_df_book df-lite\" id=\"df_17279\"  data-title=\"pdf-resultados\" _slug=\"pdf-resultados\" wpoptions=\"true\" thumbtype=\"bg\" ><\/div><script class=\"df-shortcode-script\" type=\"application\/javascript\">window.option_df_17279 = {\"outline\":[],\"backgroundColor\":\"#ffffff\",\"forceFit\":\"true\",\"autoEnableOutline\":\"false\",\"autoEnableThumbnail\":\"false\",\"overwritePDFOutline\":\"false\",\"direction\":\"1\",\"pageSize\":\"0\",\"source\":\"https:\\\/\\\/ib2021-2023.internationalbusiness.pt\\\/wp-content\\\/uploads\\\/2023\\\/10\\\/Revista_Nerlei_Projeto-IB-2021-23_FINAL__04_07_compressed.pdf\",\"wpOptions\":\"true\"}; if(window.DFLIP && window.DFLIP.parseBooks){window.DFLIP.parseBooks();}<\/script>[\/vc_column_text][\/vc_column][vc_column width=&#8221;1\/6&#8243;][\/vc_column][\/vc_row][vc_row heading_color=&#8221;light&#8221; section_type=&#8221;fullwidth&#8221; bg_type=&#8221;color&#8221; padding_top_multiplier=&#8221;4x&#8221; padding_bottom_multiplier=&#8221;4x&#8221; font_color=&#8221;#ffffff&#8221; bg_color=&#8221;#e4f3f6&#8243;][vc_column width=&#8221;1\/4&#8243;][\/vc_column][vc_column width=&#8221;1\/2&#8243;]<h2 class=\"grve-element grve-title grve-align-center grve-animated-item grve-duration-normal grve-fade-in-up grve-h1 grve-increase-heading grve-heading-180\" style=\"margin-bottom: 0px;\" data-delay=\"200\"><span><span style=\"color: #0093c8;\">Project results<\/span><\/span><\/h2><div class=\"grve-empty-space grve-height-2x\" style=\"\"><\/div><div class=\"grve-element grve-image grve-align-center\" style=\"\">  <div class=\"grve-image-wrapper\"><img loading=\"lazy\" decoding=\"async\" width=\"461\" height=\"1024\" src=\"https:\/\/ib2021-2023.internationalbusiness.pt\/wp-content\/uploads\/2023\/10\/resultados_IB_2023-461x1024.webp\" class=\"attachment-large size-large\" alt=\"\" srcset=\"https:\/\/ib2021-2023.internationalbusiness.pt\/wp-content\/uploads\/2023\/10\/resultados_IB_2023-461x1024.webp 461w, https:\/\/ib2021-2023.internationalbusiness.pt\/wp-content\/uploads\/2023\/10\/resultados_IB_2023-135x300.webp 135w, https:\/\/ib2021-2023.internationalbusiness.pt\/wp-content\/uploads\/2023\/10\/resultados_IB_2023-768x1705.webp 768w, https:\/\/ib2021-2023.internationalbusiness.pt\/wp-content\/uploads\/2023\/10\/resultados_IB_2023-692x1536.webp 692w, https:\/\/ib2021-2023.internationalbusiness.pt\/wp-content\/uploads\/2023\/10\/resultados_IB_2023-923x2048.webp 923w, https:\/\/ib2021-2023.internationalbusiness.pt\/wp-content\/uploads\/2023\/10\/resultados_IB_2023-865x1920.webp 865w, https:\/\/ib2021-2023.internationalbusiness.pt\/wp-content\/uploads\/2023\/10\/resultados_IB_2023-scaled.webp 1153w\" sizes=\"(max-width: 461px) 100vw, 461px\" \/>   <\/div><\/div><div class=\"grve-empty-space grve-height-2x\" style=\"\"><\/div><div class=\"grve-element grve-align-center\"><a href=\"\/wp-content\/uploads\/2023\/10\/resultados_IB_2023.pdf\" target=\"_blank\" rel=\"noopener noreferrer\" class=\"grve-btn grve-btn-medium grve-square grve-bg-primary-2 grve-bg-hover-black\"><span>Download project results<\/span><\/a><\/div>[\/vc_column][vc_column width=&#8221;1\/4&#8243;][\/vc_column][\/vc_row][vc_row heading_color=&#8221;light&#8221; padding_top_multiplier=&#8221;4x&#8221; padding_bottom_multiplier=&#8221;4x&#8221; font_color=&#8221;#ffffff&#8221;][vc_column width=&#8221;1\/6&#8243;][\/vc_column][vc_column width=&#8221;2\/3&#8243;]<h2 class=\"grve-element grve-title grve-align-center grve-animated-item grve-duration-normal grve-fade-in-up grve-h1 grve-increase-heading grve-heading-180\" style=\"margin-bottom: 0px;\" data-delay=\"200\"><span><span style=\"color: #0093c8;\">International Business 21-23<\/span><\/span><\/h2><div class=\"grve-empty-space grve-height-2x\" style=\"\"><\/div><div class=\"grve-element grve-video\" style=\"\"><iframe loading=\"lazy\" title=\"V\u00eddeo Final | International Business 2021-23\" width=\"1080\" height=\"608\" src=\"https:\/\/www.youtube.com\/embed\/c0FzSILaM_s?feature=oembed\" frameborder=\"0\" allow=\"accelerometer; autoplay; clipboard-write; encrypted-media; gyroscope; picture-in-picture; web-share\" allowfullscreen><\/iframe><\/div>[\/vc_column][vc_column width=&#8221;1\/6&#8243;][\/vc_column][\/vc_row]<\/p>\n","protected":false},"excerpt":{"rendered":"<p>[vc_row heading_color=&#8221;light&#8221; padding_top_multiplier=&#8221;4x&#8221; padding_bottom_multiplier=&#8221;4x&#8221; font_color=&#8221;#ffffff&#8221;][vc_column width=&#8221;1\/6&#8243;][\/vc_column][vc_column width=&#8221;2\/3&#8243; text_align=&#8221;center&#8221;][vc_column_text][\/vc_column_text][\/vc_column][vc_column width=&#8221;1\/6&#8243;][\/vc_column][\/vc_row][vc_row heading_color=&#8221;light&#8221; section_type=&#8221;fullwidth&#8221; bg_type=&#8221;color&#8221; padding_top_multiplier=&#8221;4x&#8221; padding_bottom_multiplier=&#8221;4x&#8221; font_color=&#8221;#ffffff&#8221; bg_color=&#8221;#e4f3f6&#8243;][vc_column width=&#8221;1\/4&#8243;][\/vc_column][vc_column width=&#8221;1\/2&#8243;][\/vc_column][vc_column width=&#8221;1\/4&#8243;][\/vc_column][\/vc_row][vc_row heading_color=&#8221;light&#8221; padding_top_multiplier=&#8221;4x&#8221; padding_bottom_multiplier=&#8221;4x&#8221; font_color=&#8221;#ffffff&#8221;][vc_column width=&#8221;1\/6&#8243;][\/vc_column][vc_column width=&#8221;2\/3&#8243;][\/vc_column][vc_column width=&#8221;1\/6&#8243;][\/vc_column][\/vc_row]<\/p>\n","protected":false},"author":1,"featured_media":0,"parent":0,"menu_order":0,"comment_status":"closed","ping_status":"closed","template":"","meta":{"footnotes":""},"yoast_head":"<!-- This site is optimized with the Yoast SEO plugin v21.3 - https:\/\/yoast.com\/wordpress\/plugins\/seo\/ -->\n<title>Results - International Business - NERLEI<\/title>\n<meta name=\"robots\" content=\"index, follow, max-snippet:-1, max-image-preview:large, max-video-preview:-1\" \/>\n<link rel=\"canonical\" href=\"https:\/\/ib2021-2023.internationalbusiness.pt\/en\/results\/\" \/>\n<meta property=\"og:locale\" content=\"en_US\" \/>\n<meta property=\"og:type\" content=\"article\" \/>\n<meta property=\"og:title\" content=\"Results - International Business - NERLEI\" \/>\n<meta property=\"og:description\" content=\"[vc_row heading_color=&#8221;light&#8221; padding_top_multiplier=&#8221;4x&#8221; padding_bottom_multiplier=&#8221;4x&#8221; font_color=&#8221;#ffffff&#8221;][vc_column width=&#8221;1\/6&#8243;][\/vc_column][vc_column width=&#8221;2\/3&#8243; text_align=&#8221;center&#8221;][vc_column_text][\/vc_column_text][\/vc_column][vc_column width=&#8221;1\/6&#8243;][\/vc_column][\/vc_row][vc_row heading_color=&#8221;light&#8221; section_type=&#8221;fullwidth&#8221; bg_type=&#8221;color&#8221; padding_top_multiplier=&#8221;4x&#8221; padding_bottom_multiplier=&#8221;4x&#8221; font_color=&#8221;#ffffff&#8221; bg_color=&#8221;#e4f3f6&#8243;][vc_column width=&#8221;1\/4&#8243;][\/vc_column][vc_column width=&#8221;1\/2&#8243;][\/vc_column][vc_column width=&#8221;1\/4&#8243;][\/vc_column][\/vc_row][vc_row heading_color=&#8221;light&#8221; padding_top_multiplier=&#8221;4x&#8221; padding_bottom_multiplier=&#8221;4x&#8221; font_color=&#8221;#ffffff&#8221;][vc_column width=&#8221;1\/6&#8243;][\/vc_column][vc_column width=&#8221;2\/3&#8243;][\/vc_column][vc_column width=&#8221;1\/6&#8243;][\/vc_column][\/vc_row]\" \/>\n<meta property=\"og:url\" content=\"https:\/\/ib2021-2023.internationalbusiness.pt\/en\/results\/\" \/>\n<meta property=\"og:site_name\" content=\"International Business - NERLEI\" \/>\n<meta property=\"article:modified_time\" content=\"2023-10-09T16:00:24+00:00\" \/>\n<meta name=\"twitter:card\" content=\"summary_large_image\" \/>\n<meta name=\"twitter:label1\" content=\"Est. reading time\" \/>\n\t<meta name=\"twitter:data1\" content=\"1 minute\" \/>\n<script type=\"application\/ld+json\" class=\"yoast-schema-graph\">{\"@context\":\"https:\/\/schema.org\",\"@graph\":[{\"@type\":\"WebPage\",\"@id\":\"https:\/\/ib2021-2023.internationalbusiness.pt\/en\/results\/\",\"url\":\"https:\/\/ib2021-2023.internationalbusiness.pt\/en\/results\/\",\"name\":\"Results - International Business - NERLEI\",\"isPartOf\":{\"@id\":\"https:\/\/ib2021-2023.internationalbusiness.pt\/en\/#website\"},\"datePublished\":\"2023-10-09T14:35:45+00:00\",\"dateModified\":\"2023-10-09T16:00:24+00:00\",\"breadcrumb\":{\"@id\":\"https:\/\/ib2021-2023.internationalbusiness.pt\/en\/results\/#breadcrumb\"},\"inLanguage\":\"en-US\",\"potentialAction\":[{\"@type\":\"ReadAction\",\"target\":[\"https:\/\/ib2021-2023.internationalbusiness.pt\/en\/results\/\"]}]},{\"@type\":\"BreadcrumbList\",\"@id\":\"https:\/\/ib2021-2023.internationalbusiness.pt\/en\/results\/#breadcrumb\",\"itemListElement\":[{\"@type\":\"ListItem\",\"position\":1,\"name\":\"Home\",\"item\":\"https:\/\/ib2021-2023.internationalbusiness.pt\/en\/ib21-23\/\"},{\"@type\":\"ListItem\",\"position\":2,\"name\":\"Results\"}]},{\"@type\":\"WebSite\",\"@id\":\"https:\/\/ib2021-2023.internationalbusiness.pt\/en\/#website\",\"url\":\"https:\/\/ib2021-2023.internationalbusiness.pt\/en\/\",\"name\":\"International Business - NERLEI\",\"description\":\"O Projeto International Business \u00e9 um projeto conjunto integrado no Sistema de Incentivos \u00e0 Qualifica\u00e7\u00e3o e Internacionaliza\u00e7\u00e3o PME\",\"potentialAction\":[{\"@type\":\"SearchAction\",\"target\":{\"@type\":\"EntryPoint\",\"urlTemplate\":\"https:\/\/ib2021-2023.internationalbusiness.pt\/en\/?s={search_term_string}\"},\"query-input\":\"required name=search_term_string\"}],\"inLanguage\":\"en-US\"}]}<\/script>\n<!-- \/ Yoast SEO plugin. -->","yoast_head_json":{"title":"Results - International Business - NERLEI","robots":{"index":"index","follow":"follow","max-snippet":"max-snippet:-1","max-image-preview":"max-image-preview:large","max-video-preview":"max-video-preview:-1"},"canonical":"https:\/\/ib2021-2023.internationalbusiness.pt\/en\/results\/","og_locale":"en_US","og_type":"article","og_title":"Results - International Business - NERLEI","og_description":"[vc_row heading_color=&#8221;light&#8221; padding_top_multiplier=&#8221;4x&#8221; padding_bottom_multiplier=&#8221;4x&#8221; font_color=&#8221;#ffffff&#8221;][vc_column width=&#8221;1\/6&#8243;][\/vc_column][vc_column width=&#8221;2\/3&#8243; text_align=&#8221;center&#8221;][vc_column_text][\/vc_column_text][\/vc_column][vc_column width=&#8221;1\/6&#8243;][\/vc_column][\/vc_row][vc_row heading_color=&#8221;light&#8221; section_type=&#8221;fullwidth&#8221; bg_type=&#8221;color&#8221; padding_top_multiplier=&#8221;4x&#8221; padding_bottom_multiplier=&#8221;4x&#8221; font_color=&#8221;#ffffff&#8221; bg_color=&#8221;#e4f3f6&#8243;][vc_column width=&#8221;1\/4&#8243;][\/vc_column][vc_column width=&#8221;1\/2&#8243;][\/vc_column][vc_column width=&#8221;1\/4&#8243;][\/vc_column][\/vc_row][vc_row heading_color=&#8221;light&#8221; padding_top_multiplier=&#8221;4x&#8221; padding_bottom_multiplier=&#8221;4x&#8221; font_color=&#8221;#ffffff&#8221;][vc_column width=&#8221;1\/6&#8243;][\/vc_column][vc_column width=&#8221;2\/3&#8243;][\/vc_column][vc_column width=&#8221;1\/6&#8243;][\/vc_column][\/vc_row]","og_url":"https:\/\/ib2021-2023.internationalbusiness.pt\/en\/results\/","og_site_name":"International Business - NERLEI","article_modified_time":"2023-10-09T16:00:24+00:00","twitter_card":"summary_large_image","twitter_misc":{"Est. reading time":"1 minute"},"schema":{"@context":"https:\/\/schema.org","@graph":[{"@type":"WebPage","@id":"https:\/\/ib2021-2023.internationalbusiness.pt\/en\/results\/","url":"https:\/\/ib2021-2023.internationalbusiness.pt\/en\/results\/","name":"Results - International Business - NERLEI","isPartOf":{"@id":"https:\/\/ib2021-2023.internationalbusiness.pt\/en\/#website"},"datePublished":"2023-10-09T14:35:45+00:00","dateModified":"2023-10-09T16:00:24+00:00","breadcrumb":{"@id":"https:\/\/ib2021-2023.internationalbusiness.pt\/en\/results\/#breadcrumb"},"inLanguage":"en-US","potentialAction":[{"@type":"ReadAction","target":["https:\/\/ib2021-2023.internationalbusiness.pt\/en\/results\/"]}]},{"@type":"BreadcrumbList","@id":"https:\/\/ib2021-2023.internationalbusiness.pt\/en\/results\/#breadcrumb","itemListElement":[{"@type":"ListItem","position":1,"name":"Home","item":"https:\/\/ib2021-2023.internationalbusiness.pt\/en\/ib21-23\/"},{"@type":"ListItem","position":2,"name":"Results"}]},{"@type":"WebSite","@id":"https:\/\/ib2021-2023.internationalbusiness.pt\/en\/#website","url":"https:\/\/ib2021-2023.internationalbusiness.pt\/en\/","name":"International Business - NERLEI","description":"O Projeto International Business \u00e9 um projeto conjunto integrado no Sistema de Incentivos \u00e0 Qualifica\u00e7\u00e3o e Internacionaliza\u00e7\u00e3o PME","potentialAction":[{"@type":"SearchAction","target":{"@type":"EntryPoint","urlTemplate":"https:\/\/ib2021-2023.internationalbusiness.pt\/en\/?s={search_term_string}"},"query-input":"required name=search_term_string"}],"inLanguage":"en-US"}]}},"_links":{"self":[{"href":"https:\/\/ib2021-2023.internationalbusiness.pt\/en\/wp-json\/wp\/v2\/pages\/17320"}],"collection":[{"href":"https:\/\/ib2021-2023.internationalbusiness.pt\/en\/wp-json\/wp\/v2\/pages"}],"about":[{"href":"https:\/\/ib2021-2023.internationalbusiness.pt\/en\/wp-json\/wp\/v2\/types\/page"}],"author":[{"embeddable":true,"href":"https:\/\/ib2021-2023.internationalbusiness.pt\/en\/wp-json\/wp\/v2\/users\/1"}],"replies":[{"embeddable":true,"href":"https:\/\/ib2021-2023.internationalbusiness.pt\/en\/wp-json\/wp\/v2\/comments?post=17320"}],"version-history":[{"count":2,"href":"https:\/\/ib2021-2023.internationalbusiness.pt\/en\/wp-json\/wp\/v2\/pages\/17320\/revisions"}],"predecessor-version":[{"id":17322,"href":"https:\/\/ib2021-2023.internationalbusiness.pt\/en\/wp-json\/wp\/v2\/pages\/17320\/revisions\/17322"}],"wp:attachment":[{"href":"https:\/\/ib2021-2023.internationalbusiness.pt\/en\/wp-json\/wp\/v2\/media?parent=17320"}],"curies":[{"name":"wp","href":"https:\/\/api.w.org\/{rel}","templated":true}]}}