{"id":17313,"date":"2023-10-09T14:35:20","date_gmt":"2023-10-09T14:35:20","guid":{"rendered":"https:\/\/www.ib2023.younik.pt\/missions\/"},"modified":"2023-10-09T15:56:11","modified_gmt":"2023-10-09T15:56:11","slug":"missions","status":"publish","type":"page","link":"https:\/\/ib2021-2023.internationalbusiness.pt\/en\/missions\/","title":{"rendered":"Missions"},"content":{"rendered":"<p>[vc_row padding_top_multiplier=&#8221;&#8221; padding_bottom_multiplier=&#8221;&#8221; section_id=&#8221;marrocos&#8221; el_wrapper_class=&#8221;spacer_top&#8221;][vc_column]<div class=\"grve-empty-space\" style=\"height: 90px;\"><\/div>[\/vc_column][\/vc_row][vc_row padding_top_multiplier=&#8221;&#8221; padding_bottom_multiplier=&#8221;&#8221; columns_gap=&#8221;60&#8243; el_wrapper_class=&#8221;acoes_e_empresas&#8221;][vc_column]<h2 class=\"grve-element grve-title grve-align-left grve-animated-item grve-duration-normal grve-fade-in-up grve-h1 grve-increase-heading grve-heading-180\" style=\"margin-bottom: 0px;\" data-delay=\"200\"><span><span style=\"color: #0093c8;\">Business mission to Morocco<\/span><\/span><\/h2><div class=\"grve-empty-space\" style=\"height: 10px;\"><\/div><h2 class=\"grve-element grve-title grve-align-left grve-animated-item grve-duration-normal grve-fade-in-up grve-h1\" style=\"\" data-delay=\"200\"><span><span style=\"color: #0093c8;\">March 13 \u2013 17, 2023<\/span><\/span><\/h2><div class=\"grve-empty-space\" style=\"height: 20px;\"><\/div><h2 class=\"grve-element grve-title grve-align-left grve-animated-item grve-duration-normal grve-fade-in-up grve-h1\" style=\"\" data-delay=\"200\"><span><span style=\"color: #592b82;\">Empresas participantes<\/span><\/span><\/h2>[vc_row_inner css=&#8221;.vc_custom_1685521549771{margin-top: 30px !important;}&#8221;][vc_column_inner]<div class=\"grve-element grve-box-icon grve-small grve-side-icon grve-align-left grve-animated-item grve-fade-in-up grve-duration-normal\" style=\"margin-bottom: 8px;\" data-delay=\"200\"><a href=\"https:\/\/siroco.com.pt\/\" target=\"_blank\" rel=\"noopener noreferrer\"><div class=\"grve-wrapper-icon grve-no-shape\" style=\"\"><i class=\"grve-text-primary-2 fas fa-angle-right\"><\/i><\/div><div class=\"grve-box-content\"><div class=\"grve-box-title-wrapper\"><h5 class=\"grve-box-title grve-h3\">SIROCO-SOCIEDADE INDUSTRIAL DE ROBOTICA E CONTROLO S.A<\/h5><\/div><\/div><\/a><\/div><div class=\"grve-element grve-box-icon grve-small grve-side-icon grve-align-left grve-animated-item grve-fade-in-up grve-duration-normal\" style=\"margin-bottom: 8px;\" data-delay=\"200\"><a href=\"https:\/\/topeca.pt\/\" target=\"_blank\" rel=\"noopener noreferrer\"><div class=\"grve-wrapper-icon grve-no-shape\" style=\"\"><i class=\"grve-text-primary-2 fas fa-angle-right\"><\/i><\/div><div class=\"grve-box-content\"><div class=\"grve-box-title-wrapper\"><h5 class=\"grve-box-title grve-h3\">TOPECA-PRODUTOS DE CONSTRU\u00c7\u00c3O CIVIL LDA<\/h5><\/div><\/div><\/a><\/div><div class=\"grve-element grve-box-icon grve-small grve-side-icon grve-align-left grve-animated-item grve-fade-in-up grve-duration-normal\" style=\"margin-bottom: 8px;\" data-delay=\"200\"><a href=\"https:\/\/www.sitecna.com\/\" target=\"_blank\" rel=\"noopener noreferrer\"><div class=\"grve-wrapper-icon grve-no-shape\" style=\"\"><i class=\"grve-text-primary-2 fas fa-angle-right\"><\/i><\/div><div class=\"grve-box-content\"><div class=\"grve-box-title-wrapper\"><h5 class=\"grve-box-title grve-h3\">SITECNA-SOLU\u00c7\u00d5ES T\u00c9CNICAS E DE EMBALAGEM, S.A.<\/h5><\/div><\/div><\/a><\/div>[\/vc_column_inner][\/vc_row_inner][\/vc_column][\/vc_row][vc_row padding_top_multiplier=&#8221;&#8221; padding_bottom_multiplier=&#8221;&#8221; section_id=&#8221;ambiente&#8221; el_wrapper_class=&#8221;divider_missoes&#8221;][vc_column]<div class=\"grve-element grve-divider grve-animated-item grve-fade-in-up grve-duration-normal\" style=\"padding-top: 70px;padding-bottom: 70px;\" data-delay=\"200\"><div class=\"grve-line-divider grve-border\"><\/div><\/div>[\/vc_column][\/vc_row][vc_row padding_top_multiplier=&#8221;&#8221; padding_bottom_multiplier=&#8221;&#8221; columns_gap=&#8221;60&#8243; el_wrapper_class=&#8221;acoes_e_empresas&#8221; section_id=&#8221;polonia&#8221;][vc_column]<h2 class=\"grve-element grve-title grve-align-left grve-animated-item grve-duration-normal grve-fade-in-up grve-h1 grve-increase-heading grve-heading-180\" style=\"margin-bottom: 0px;\" data-delay=\"200\"><span><span style=\"color: #0093c8;\">Virtual Business Mission \u2013 Poland<\/span><\/span><\/h2><div class=\"grve-empty-space\" style=\"height: 10px;\"><\/div><h2 class=\"grve-element grve-title grve-align-left grve-animated-item grve-duration-normal grve-fade-in-up grve-h1\" style=\"\" data-delay=\"200\"><span><span style=\"color: #0093c8;\">April to June 2023<\/span><\/span><\/h2><div class=\"grve-empty-space\" style=\"height: 20px;\"><\/div><h2 class=\"grve-element grve-title grve-align-left grve-animated-item grve-duration-normal grve-fade-in-up grve-h1\" style=\"\" data-delay=\"200\"><span><span style=\"color: #592b82;\">Empresas participantes<\/span><\/span><\/h2>[vc_row_inner css=&#8221;.vc_custom_1685521549771{margin-top: 30px !important;}&#8221;][vc_column_inner]<div class=\"grve-element grve-box-icon grve-small grve-side-icon grve-align-left grve-animated-item grve-fade-in-up grve-duration-normal\" style=\"margin-bottom: 8px;\" data-delay=\"200\"><a href=\"https:\/\/www.codil.pt\/\" target=\"_blank\" rel=\"noopener noreferrer\"><div class=\"grve-wrapper-icon grve-no-shape\" style=\"\"><i class=\"grve-text-primary-2 fas fa-angle-right\"><\/i><\/div><div class=\"grve-box-content\"><div class=\"grve-box-title-wrapper\"><h5 class=\"grve-box-title grve-h3\">CODIL - COSTA &amp; DIAS, LDA<\/h5><\/div><\/div><\/a><\/div><div class=\"grve-element grve-box-icon grve-small grve-side-icon grve-align-left grve-animated-item grve-fade-in-up grve-duration-normal\" style=\"margin-bottom: 8px;\" data-delay=\"200\"><a href=\"https:\/\/cristema.com\/\" target=\"_blank\" rel=\"noopener noreferrer\"><div class=\"grve-wrapper-icon grve-no-shape\" style=\"\"><i class=\"grve-text-primary-2 fas fa-angle-right\"><\/i><\/div><div class=\"grve-box-content\"><div class=\"grve-box-title-wrapper\"><h5 class=\"grve-box-title grve-h3\">Cutelarias Cristema, Lda<\/h5><\/div><\/div><\/a><\/div><div class=\"grve-element grve-box-icon grve-small grve-side-icon grve-align-left grve-animated-item grve-fade-in-up grve-duration-normal\" style=\"margin-bottom: 8px;\" data-delay=\"200\"><a href=\"https:\/\/www.ribermold.pt\" target=\"_blank\" rel=\"noopener noreferrer\"><div class=\"grve-wrapper-icon grve-no-shape\" style=\"\"><i class=\"grve-text-primary-2 fas fa-angle-right\"><\/i><\/div><div class=\"grve-box-content\"><div class=\"grve-box-title-wrapper\"><h5 class=\"grve-box-title grve-h3\">RIBERMOLD LDA<\/h5><\/div><\/div><\/a><\/div>[\/vc_column_inner][\/vc_row_inner][\/vc_column][\/vc_row]<\/p>\n","protected":false},"excerpt":{"rendered":"<p>[vc_row padding_top_multiplier=&#8221;&#8221; padding_bottom_multiplier=&#8221;&#8221; section_id=&#8221;marrocos&#8221; el_wrapper_class=&#8221;spacer_top&#8221;][vc_column][\/vc_column][\/vc_row][vc_row padding_top_multiplier=&#8221;&#8221; padding_bottom_multiplier=&#8221;&#8221; columns_gap=&#8221;60&#8243; el_wrapper_class=&#8221;acoes_e_empresas&#8221;][vc_column][vc_row_inner css=&#8221;.vc_custom_1685521549771{margin-top: 30px !important;}&#8221;][vc_column_inner][\/vc_column_inner][\/vc_row_inner][\/vc_column][\/vc_row][vc_row padding_top_multiplier=&#8221;&#8221; padding_bottom_multiplier=&#8221;&#8221; section_id=&#8221;ambiente&#8221; el_wrapper_class=&#8221;divider_missoes&#8221;][vc_column][\/vc_column][\/vc_row][vc_row padding_top_multiplier=&#8221;&#8221; padding_bottom_multiplier=&#8221;&#8221; columns_gap=&#8221;60&#8243; el_wrapper_class=&#8221;acoes_e_empresas&#8221; section_id=&#8221;polonia&#8221;][vc_column][vc_row_inner css=&#8221;.vc_custom_1685521549771{margin-top: 30px !important;}&#8221;][vc_column_inner][\/vc_column_inner][\/vc_row_inner][\/vc_column][\/vc_row]<\/p>\n","protected":false},"author":1,"featured_media":0,"parent":0,"menu_order":0,"comment_status":"closed","ping_status":"closed","template":"","meta":{"footnotes":""},"yoast_head":"<!-- This site is optimized with the Yoast SEO plugin v21.3 - https:\/\/yoast.com\/wordpress\/plugins\/seo\/ -->\n<title>Missions - International Business - NERLEI<\/title>\n<meta name=\"robots\" content=\"index, follow, max-snippet:-1, max-image-preview:large, max-video-preview:-1\" \/>\n<link rel=\"canonical\" href=\"https:\/\/ib2021-2023.internationalbusiness.pt\/en\/missions\/\" \/>\n<meta property=\"og:locale\" content=\"en_US\" \/>\n<meta property=\"og:type\" content=\"article\" \/>\n<meta property=\"og:title\" content=\"Missions - International Business - NERLEI\" \/>\n<meta property=\"og:description\" content=\"[vc_row padding_top_multiplier=&#8221;&#8221; padding_bottom_multiplier=&#8221;&#8221; section_id=&#8221;marrocos&#8221; el_wrapper_class=&#8221;spacer_top&#8221;][vc_column][\/vc_column][\/vc_row][vc_row padding_top_multiplier=&#8221;&#8221; padding_bottom_multiplier=&#8221;&#8221; columns_gap=&#8221;60&#8243; el_wrapper_class=&#8221;acoes_e_empresas&#8221;][vc_column][vc_row_inner css=&#8221;.vc_custom_1685521549771{margin-top: 30px !important;}&#8221;][vc_column_inner][\/vc_column_inner][\/vc_row_inner][\/vc_column][\/vc_row][vc_row padding_top_multiplier=&#8221;&#8221; padding_bottom_multiplier=&#8221;&#8221; section_id=&#8221;ambiente&#8221; el_wrapper_class=&#8221;divider_missoes&#8221;][vc_column][\/vc_column][\/vc_row][vc_row padding_top_multiplier=&#8221;&#8221; padding_bottom_multiplier=&#8221;&#8221; columns_gap=&#8221;60&#8243; el_wrapper_class=&#8221;acoes_e_empresas&#8221; section_id=&#8221;polonia&#8221;][vc_column][vc_row_inner css=&#8221;.vc_custom_1685521549771{margin-top: 30px !important;}&#8221;][vc_column_inner][\/vc_column_inner][\/vc_row_inner][\/vc_column][\/vc_row]\" \/>\n<meta property=\"og:url\" content=\"https:\/\/ib2021-2023.internationalbusiness.pt\/en\/missions\/\" \/>\n<meta property=\"og:site_name\" content=\"International Business - NERLEI\" \/>\n<meta property=\"article:modified_time\" content=\"2023-10-09T15:56:11+00:00\" \/>\n<meta name=\"twitter:card\" content=\"summary_large_image\" \/>\n<meta name=\"twitter:label1\" content=\"Est. reading time\" \/>\n\t<meta name=\"twitter:data1\" content=\"3 minutes\" \/>\n<script type=\"application\/ld+json\" class=\"yoast-schema-graph\">{\"@context\":\"https:\/\/schema.org\",\"@graph\":[{\"@type\":\"WebPage\",\"@id\":\"https:\/\/ib2021-2023.internationalbusiness.pt\/en\/missions\/\",\"url\":\"https:\/\/ib2021-2023.internationalbusiness.pt\/en\/missions\/\",\"name\":\"Missions - International Business - NERLEI\",\"isPartOf\":{\"@id\":\"https:\/\/ib2021-2023.internationalbusiness.pt\/en\/#website\"},\"datePublished\":\"2023-10-09T14:35:20+00:00\",\"dateModified\":\"2023-10-09T15:56:11+00:00\",\"breadcrumb\":{\"@id\":\"https:\/\/ib2021-2023.internationalbusiness.pt\/en\/missions\/#breadcrumb\"},\"inLanguage\":\"en-US\",\"potentialAction\":[{\"@type\":\"ReadAction\",\"target\":[\"https:\/\/ib2021-2023.internationalbusiness.pt\/en\/missions\/\"]}]},{\"@type\":\"BreadcrumbList\",\"@id\":\"https:\/\/ib2021-2023.internationalbusiness.pt\/en\/missions\/#breadcrumb\",\"itemListElement\":[{\"@type\":\"ListItem\",\"position\":1,\"name\":\"Home\",\"item\":\"https:\/\/ib2021-2023.internationalbusiness.pt\/en\/ib21-23\/\"},{\"@type\":\"ListItem\",\"position\":2,\"name\":\"Missions\"}]},{\"@type\":\"WebSite\",\"@id\":\"https:\/\/ib2021-2023.internationalbusiness.pt\/en\/#website\",\"url\":\"https:\/\/ib2021-2023.internationalbusiness.pt\/en\/\",\"name\":\"International Business - NERLEI\",\"description\":\"O Projeto International Business \u00e9 um projeto conjunto integrado no Sistema de Incentivos \u00e0 Qualifica\u00e7\u00e3o e Internacionaliza\u00e7\u00e3o PME\",\"potentialAction\":[{\"@type\":\"SearchAction\",\"target\":{\"@type\":\"EntryPoint\",\"urlTemplate\":\"https:\/\/ib2021-2023.internationalbusiness.pt\/en\/?s={search_term_string}\"},\"query-input\":\"required name=search_term_string\"}],\"inLanguage\":\"en-US\"}]}<\/script>\n<!-- \/ Yoast SEO plugin. -->","yoast_head_json":{"title":"Missions - International Business - NERLEI","robots":{"index":"index","follow":"follow","max-snippet":"max-snippet:-1","max-image-preview":"max-image-preview:large","max-video-preview":"max-video-preview:-1"},"canonical":"https:\/\/ib2021-2023.internationalbusiness.pt\/en\/missions\/","og_locale":"en_US","og_type":"article","og_title":"Missions - International Business - NERLEI","og_description":"[vc_row padding_top_multiplier=&#8221;&#8221; padding_bottom_multiplier=&#8221;&#8221; section_id=&#8221;marrocos&#8221; el_wrapper_class=&#8221;spacer_top&#8221;][vc_column][\/vc_column][\/vc_row][vc_row padding_top_multiplier=&#8221;&#8221; padding_bottom_multiplier=&#8221;&#8221; columns_gap=&#8221;60&#8243; el_wrapper_class=&#8221;acoes_e_empresas&#8221;][vc_column][vc_row_inner css=&#8221;.vc_custom_1685521549771{margin-top: 30px !important;}&#8221;][vc_column_inner][\/vc_column_inner][\/vc_row_inner][\/vc_column][\/vc_row][vc_row padding_top_multiplier=&#8221;&#8221; padding_bottom_multiplier=&#8221;&#8221; section_id=&#8221;ambiente&#8221; el_wrapper_class=&#8221;divider_missoes&#8221;][vc_column][\/vc_column][\/vc_row][vc_row padding_top_multiplier=&#8221;&#8221; padding_bottom_multiplier=&#8221;&#8221; columns_gap=&#8221;60&#8243; el_wrapper_class=&#8221;acoes_e_empresas&#8221; section_id=&#8221;polonia&#8221;][vc_column][vc_row_inner css=&#8221;.vc_custom_1685521549771{margin-top: 30px !important;}&#8221;][vc_column_inner][\/vc_column_inner][\/vc_row_inner][\/vc_column][\/vc_row]","og_url":"https:\/\/ib2021-2023.internationalbusiness.pt\/en\/missions\/","og_site_name":"International Business - NERLEI","article_modified_time":"2023-10-09T15:56:11+00:00","twitter_card":"summary_large_image","twitter_misc":{"Est. reading time":"3 minutes"},"schema":{"@context":"https:\/\/schema.org","@graph":[{"@type":"WebPage","@id":"https:\/\/ib2021-2023.internationalbusiness.pt\/en\/missions\/","url":"https:\/\/ib2021-2023.internationalbusiness.pt\/en\/missions\/","name":"Missions - International Business - NERLEI","isPartOf":{"@id":"https:\/\/ib2021-2023.internationalbusiness.pt\/en\/#website"},"datePublished":"2023-10-09T14:35:20+00:00","dateModified":"2023-10-09T15:56:11+00:00","breadcrumb":{"@id":"https:\/\/ib2021-2023.internationalbusiness.pt\/en\/missions\/#breadcrumb"},"inLanguage":"en-US","potentialAction":[{"@type":"ReadAction","target":["https:\/\/ib2021-2023.internationalbusiness.pt\/en\/missions\/"]}]},{"@type":"BreadcrumbList","@id":"https:\/\/ib2021-2023.internationalbusiness.pt\/en\/missions\/#breadcrumb","itemListElement":[{"@type":"ListItem","position":1,"name":"Home","item":"https:\/\/ib2021-2023.internationalbusiness.pt\/en\/ib21-23\/"},{"@type":"ListItem","position":2,"name":"Missions"}]},{"@type":"WebSite","@id":"https:\/\/ib2021-2023.internationalbusiness.pt\/en\/#website","url":"https:\/\/ib2021-2023.internationalbusiness.pt\/en\/","name":"International Business - NERLEI","description":"O Projeto International Business \u00e9 um projeto conjunto integrado no Sistema de Incentivos \u00e0 Qualifica\u00e7\u00e3o e Internacionaliza\u00e7\u00e3o PME","potentialAction":[{"@type":"SearchAction","target":{"@type":"EntryPoint","urlTemplate":"https:\/\/ib2021-2023.internationalbusiness.pt\/en\/?s={search_term_string}"},"query-input":"required name=search_term_string"}],"inLanguage":"en-US"}]}},"_links":{"self":[{"href":"https:\/\/ib2021-2023.internationalbusiness.pt\/en\/wp-json\/wp\/v2\/pages\/17313"}],"collection":[{"href":"https:\/\/ib2021-2023.internationalbusiness.pt\/en\/wp-json\/wp\/v2\/pages"}],"about":[{"href":"https:\/\/ib2021-2023.internationalbusiness.pt\/en\/wp-json\/wp\/v2\/types\/page"}],"author":[{"embeddable":true,"href":"https:\/\/ib2021-2023.internationalbusiness.pt\/en\/wp-json\/wp\/v2\/users\/1"}],"replies":[{"embeddable":true,"href":"https:\/\/ib2021-2023.internationalbusiness.pt\/en\/wp-json\/wp\/v2\/comments?post=17313"}],"version-history":[{"count":1,"href":"https:\/\/ib2021-2023.internationalbusiness.pt\/en\/wp-json\/wp\/v2\/pages\/17313\/revisions"}],"predecessor-version":[{"id":17314,"href":"https:\/\/ib2021-2023.internationalbusiness.pt\/en\/wp-json\/wp\/v2\/pages\/17313\/revisions\/17314"}],"wp:attachment":[{"href":"https:\/\/ib2021-2023.internationalbusiness.pt\/en\/wp-json\/wp\/v2\/media?parent=17313"}],"curies":[{"name":"wp","href":"https:\/\/api.w.org\/{rel}","templated":true}]}}